{"id":637,"date":"2018-09-30T12:00:15","date_gmt":"2018-09-30T10:00:15","guid":{"rendered":"http:\/\/annemasson.be\/?page_id=637"},"modified":"2024-10-07T14:05:13","modified_gmt":"2024-10-07T12:05:13","slug":"le-brabant-wallon-que-jaime","status":"publish","type":"page","link":"https:\/\/annemasson.be\/index.php\/le-brabant-wallon-que-jaime\/","title":{"rendered":"Le Brabant wallon que j&#8217;aime"},"content":{"rendered":"\t\t<div class=\"elementor elementor-637\">\n\t\t\t<div class=\"elementor-inner\">\n\t\t\t\t<div class=\"elementor-section-wrap\">\n\t\t\t\t\t\t\t<section data-id=\"9448d38\" class=\"elementor-element elementor-element-9448d38 elementor-section-stretched elementor-section-full_width elementor-section-height-default elementor-section-height-default elementor-section elementor-top-section\" data-settings=\"{&quot;stretch_section&quot;:&quot;section-stretched&quot;}\" data-element_type=\"section\">\n\t\t\t\t\t\t<div class=\"elementor-container elementor-column-gap-default\">\n\t\t\t\t<div class=\"elementor-row\">\n\t\t\t\t<div data-id=\"18c0e1a\" class=\"elementor-element elementor-element-18c0e1a elementor-column elementor-col-100 elementor-top-column\" data-element_type=\"column\">\n\t\t\t<div class=\"elementor-column-wrap elementor-element-populated\">\n\t\t\t\t\t<div class=\"elementor-widget-wrap\">\n\t\t\t\t<div data-id=\"4f706a2\" class=\"elementor-element elementor-element-4f706a2 elementor-align-center elementor-hidden-tablet elementor-hidden-phone elementor-widget elementor-widget-mega-menu\" data-element_type=\"mega-menu.default\">\n\t\t\t\t<div class=\"elementor-widget-container\">\n\t\t\t\t\t\n\t\t<nav itemtype=\"http:\/\/schema.org\/SiteNavigationElement\" itemscope=\"itemscope\" class=\"cbp-hsmenu-wrapper\" id=\"cbp-hsmenu-wrapper\">\n\t\t\t<div class=\"cbp-hsinner\">\n\t\t\t\t<ul id=\"mega-menu\" class=\"cbp-hsmenu\"><li id=\"menu-item-218\" class=\"menu-item menu-item-type-post_type menu-item-object-page menu-item-home menu-item-218\"><a href=\"https:\/\/annemasson.be\/\">Accueil<\/a><\/li>\n<li id=\"menu-item-866\" class=\"menu-item menu-item-type-post_type menu-item-object-page menu-item-866\"><a href=\"https:\/\/annemasson.be\/index.php\/wavre-capitale-du-bw\/\">Mes priorit\u00e9s et nos r\u00e9alisations<\/a><\/li>\n<li id=\"menu-item-900\" class=\"menu-item menu-item-type-post_type menu-item-object-page menu-item-900\"><a href=\"https:\/\/annemasson.be\/index.php\/ma-ville-finances\/\">15 bonnes raisons de voter LB<\/a><\/li>\n<li id=\"menu-item-938\" class=\"menu-item menu-item-type-post_type menu-item-object-page menu-item-938\"><a href=\"https:\/\/annemasson.be\/index.php\/le-brabant-wallon-que-jaime\/\">Une \u00e9quipe formidable !<\/a><\/li>\n<li id=\"menu-item-924\" class=\"menu-item menu-item-type-post_type menu-item-object-page menu-item-924\"><a href=\"https:\/\/annemasson.be\/index.php\/ma-province\/\">Le BW, notre province<\/a><\/li>\n<li id=\"menu-item-215\" class=\"menu-item menu-item-type-post_type menu-item-object-page menu-item-215\"><a href=\"https:\/\/annemasson.be\/index.php\/mon-parcours\/\">Mon parcours<\/a><\/li>\n<li id=\"menu-item-216\" class=\"menu-item menu-item-type-post_type menu-item-object-page menu-item-216\"><a href=\"https:\/\/annemasson.be\/index.php\/mon-jardin-secret\/\">Mon jardin secret<\/a><\/li>\n<li id=\"menu-item-274\" class=\"menu-item menu-item-type-post_type menu-item-object-page menu-item-274\"><a href=\"https:\/\/annemasson.be\/index.php\/contact\/\">Contact<\/a><\/li>\n<\/ul>\t\t\t<\/div>\n\t\t<\/nav>\n\t\t\t<\/div>\n\t\t\t\t<\/div>\n\t\t\t\t\t\t<\/div>\n\t\t\t<\/div>\n\t\t<\/div>\n\t\t\t\t\t\t<\/div>\n\t\t\t<\/div>\n\t\t<\/section>\n\t\t\t\t<section data-id=\"5e4665f\" class=\"elementor-element elementor-element-5e4665f elementor-section-stretched elementor-section-full_width elementor-section-height-min-height elementor-section-content-bottom elementor-section-height-default elementor-section-items-middle elementor-section elementor-top-section\" data-settings=\"{&quot;stretch_section&quot;:&quot;section-stretched&quot;,&quot;background_background&quot;:&quot;classic&quot;}\" data-element_type=\"section\">\n\t\t\t\t\t\t\t<div class=\"elementor-background-overlay\"><\/div>\n\t\t\t\t\t\t\t<div class=\"elementor-container elementor-column-gap-default\">\n\t\t\t\t<div class=\"elementor-row\">\n\t\t\t\t<div data-id=\"88a2c18\" class=\"elementor-element elementor-element-88a2c18 elementor-column elementor-col-100 elementor-top-column\" data-element_type=\"column\">\n\t\t\t<div class=\"elementor-column-wrap elementor-element-populated\">\n\t\t\t\t\t<div class=\"elementor-widget-wrap\">\n\t\t\t\t<div data-id=\"2400f43\" class=\"elementor-element elementor-element-2400f43 elementor-widget elementor-widget-heading\" data-element_type=\"heading.default\">\n\t\t\t\t<div class=\"elementor-widget-container\">\n\t\t\t<h2 class=\"elementor-heading-title elementor-size-default\">UNE EQUIPE FORMIDABLE<\/h2>\t\t<\/div>\n\t\t\t\t<\/div>\n\t\t\t\t\t\t<\/div>\n\t\t\t<\/div>\n\t\t<\/div>\n\t\t\t\t\t\t<\/div>\n\t\t\t<\/div>\n\t\t<\/section>\n\t\t\t\t<section data-id=\"bbd8114\" class=\"elementor-element elementor-element-bbd8114 elementor-section-boxed elementor-section-height-default elementor-section-height-default elementor-section elementor-top-section\" data-element_type=\"section\">\n\t\t\t\t\t\t<div class=\"elementor-container elementor-column-gap-default\">\n\t\t\t\t<div class=\"elementor-row\">\n\t\t\t\t<div data-id=\"4819066\" class=\"elementor-element elementor-element-4819066 elementor-column elementor-col-100 elementor-top-column\" data-element_type=\"column\">\n\t\t\t<div class=\"elementor-column-wrap elementor-element-populated\">\n\t\t\t\t\t<div class=\"elementor-widget-wrap\">\n\t\t\t\t<div data-id=\"e976124\" class=\"elementor-element elementor-element-e976124 elementor-widget elementor-widget-text-editor\" data-element_type=\"text-editor.default\">\n\t\t\t\t<div class=\"elementor-widget-container\">\n\t\t\t\t\t<div class=\"elementor-text-editor elementor-clearfix\"><p><strong>La Liste du Bourgmestre<\/strong>, c\u2019est 33 candidats s\u00e9rieux et motiv\u00e9s.<\/p><p>16 femmes, 17 hommes dont 18 nouveaux candidats qui s\u2019engagent pour la premi\u00e8re fois en politique.<\/p><p>C\u2019est une vraie force de changement et un vrai renouveau dans la vision de notre ville\u00a0!<\/p><p>Vous pouvez les retrouver en cliquant ci-dessous.<\/p><\/div>\n\t\t\t\t<\/div>\n\t\t\t\t<\/div>\n\t\t\t\t<div data-id=\"a7fe0fc\" class=\"elementor-element elementor-element-a7fe0fc elementor-align-center elementor-widget elementor-widget-button\" data-element_type=\"button.default\">\n\t\t\t\t<div class=\"elementor-widget-container\">\n\t\t\t\t\t<div class=\"elementor-button-wrapper\">\n\t\t\t<a href=\"https:\/\/lalistedubourgmestre.be\/les-candidats\" class=\"elementor-button-link elementor-button elementor-size-lg\" role=\"button\">\n\t\t\t\t\t\t<span class=\"elementor-button-content-wrapper\">\n\t\t\t\t\t\t<span class=\"elementor-button-icon elementor-align-icon-left\">\n\t\t\t\t<i class=\"fa fa-arrow-circle-right\" aria-hidden=\"true\"><\/i>\n\t\t\t<\/span>\n\t\t\t\t\t\t<span class=\"elementor-button-text\">D\u00e9couvrez les candidats<\/span>\n\t\t<\/span>\n\t\t\t\t\t<\/a>\n\t\t<\/div>\n\t\t\t\t<\/div>\n\t\t\t\t<\/div>\n\t\t\t\t\t\t<\/div>\n\t\t\t<\/div>\n\t\t<\/div>\n\t\t\t\t\t\t<\/div>\n\t\t\t<\/div>\n\t\t<\/section>\n\t\t\t\t<section data-id=\"9558382\" class=\"elementor-element elementor-element-9558382 elementor-section-boxed elementor-section-height-default elementor-section-height-default elementor-section elementor-top-section\" data-element_type=\"section\">\n\t\t\t\t\t\t<div class=\"elementor-container elementor-column-gap-default\">\n\t\t\t\t<div class=\"elementor-row\">\n\t\t\t\t<div data-id=\"f77a5a9\" class=\"elementor-element elementor-element-f77a5a9 elementor-column elementor-col-100 elementor-top-column\" data-element_type=\"column\">\n\t\t\t<div class=\"elementor-column-wrap elementor-element-populated\">\n\t\t\t\t\t<div class=\"elementor-widget-wrap\">\n\t\t\t\t<div data-id=\"a016392\" class=\"elementor-element elementor-element-a016392 elementor-widget elementor-widget-image\" data-element_type=\"image.default\">\n\t\t\t\t<div class=\"elementor-widget-container\">\n\t\t\t\t\t<div class=\"elementor-image\">\n\t\t\t\t\t\t\t\t\t\t<img loading=\"lazy\" decoding=\"async\" width=\"1785\" height=\"2507\" src=\"https:\/\/annemasson.be\/wp-content\/uploads\/2024\/10\/Trombi.png\" class=\"attachment-full size-full\" alt=\"\" srcset=\"https:\/\/annemasson.be\/wp-content\/uploads\/2024\/10\/Trombi.png 1785w, https:\/\/annemasson.be\/wp-content\/uploads\/2024\/10\/Trombi-214x300.png 214w, https:\/\/annemasson.be\/wp-content\/uploads\/2024\/10\/Trombi-729x1024.png 729w, https:\/\/annemasson.be\/wp-content\/uploads\/2024\/10\/Trombi-768x1079.png 768w, https:\/\/annemasson.be\/wp-content\/uploads\/2024\/10\/Trombi-1094x1536.png 1094w, https:\/\/annemasson.be\/wp-content\/uploads\/2024\/10\/Trombi-1458x2048.png 1458w\" sizes=\"100vw\" \/>\t\t\t\t\t\t\t\t\t\t\t<\/div>\n\t\t\t\t<\/div>\n\t\t\t\t<\/div>\n\t\t\t\t\t\t<\/div>\n\t\t\t<\/div>\n\t\t<\/div>\n\t\t\t\t\t\t<\/div>\n\t\t\t<\/div>\n\t\t<\/section>\n\t\t\t\t\t\t<\/div>\n\t\t\t<\/div>\n\t\t<\/div>\n\t\t","protected":false},"excerpt":{"rendered":"<p>Accueil Mes priorit\u00e9s et nos r\u00e9alisations 15 bonnes raisons de voter LB Une \u00e9quipe formidable ! Le BW, notre province Mon parcours Mon jardin secret Contact UNE EQUIPE FORMIDABLE La Liste du Bourgmestre, c\u2019est 33 candidats s\u00e9rieux et motiv\u00e9s. 16 femmes, 17 hommes dont 18 nouveaux candidats qui s\u2019engagent pour la premi\u00e8re fois en politique. &hellip; <\/p>\n<p class=\"link-more\"><a href=\"https:\/\/annemasson.be\/index.php\/le-brabant-wallon-que-jaime\/\" class=\"more-link\">Continue reading<span class=\"screen-reader-text\"> &#8220;Le Brabant wallon que j&#8217;aime&#8221;<\/span><\/a><\/p>\n","protected":false},"author":1,"featured_media":0,"parent":0,"menu_order":0,"comment_status":"closed","ping_status":"closed","template":"elementor_canvas","meta":{"footnotes":""},"_links":{"self":[{"href":"https:\/\/annemasson.be\/index.php\/wp-json\/wp\/v2\/pages\/637"}],"collection":[{"href":"https:\/\/annemasson.be\/index.php\/wp-json\/wp\/v2\/pages"}],"about":[{"href":"https:\/\/annemasson.be\/index.php\/wp-json\/wp\/v2\/types\/page"}],"author":[{"embeddable":true,"href":"https:\/\/annemasson.be\/index.php\/wp-json\/wp\/v2\/users\/1"}],"replies":[{"embeddable":true,"href":"https:\/\/annemasson.be\/index.php\/wp-json\/wp\/v2\/comments?post=637"}],"version-history":[{"count":7,"href":"https:\/\/annemasson.be\/index.php\/wp-json\/wp\/v2\/pages\/637\/revisions"}],"predecessor-version":[{"id":943,"href":"https:\/\/annemasson.be\/index.php\/wp-json\/wp\/v2\/pages\/637\/revisions\/943"}],"wp:attachment":[{"href":"https:\/\/annemasson.be\/index.php\/wp-json\/wp\/v2\/media?parent=637"}],"curies":[{"name":"wp","href":"https:\/\/api.w.org\/{rel}","templated":true}]}}