{"id":2,"date":"2018-08-14T16:59:19","date_gmt":"2018-08-14T14:59:19","guid":{"rendered":"http:\/\/annemasson.be\/?page_id=2"},"modified":"2024-10-06T23:29:40","modified_gmt":"2024-10-06T21:29:40","slug":"accueil","status":"publish","type":"page","link":"https:\/\/annemasson.be\/","title":{"rendered":"Accueil"},"content":{"rendered":"\t\t<div class=\"elementor elementor-2\">\n\t\t\t<div class=\"elementor-inner\">\n\t\t\t\t<div class=\"elementor-section-wrap\">\n\t\t\t\t\t\t\t<section data-id=\"93932f4\" class=\"elementor-element elementor-element-93932f4 elementor-section-stretched elementor-section-full_width elementor-hidden-tablet elementor-section-height-default elementor-section-height-default elementor-section elementor-top-section\" data-settings=\"{&quot;stretch_section&quot;:&quot;section-stretched&quot;}\" data-element_type=\"section\">\n\t\t\t\t\t\t<div class=\"elementor-container elementor-column-gap-default\">\n\t\t\t\t<div class=\"elementor-row\">\n\t\t\t\t<div data-id=\"3db6a7e\" class=\"elementor-element elementor-element-3db6a7e elementor-column elementor-col-100 elementor-top-column\" data-element_type=\"column\">\n\t\t\t<div class=\"elementor-column-wrap elementor-element-populated\">\n\t\t\t\t\t<div class=\"elementor-widget-wrap\">\n\t\t\t\t<div data-id=\"ed12870\" class=\"elementor-element elementor-element-ed12870 elementor-align-center elementor-mobile-align-center elementor-hidden-tablet elementor-hidden-phone elementor-widget elementor-widget-mega-menu\" data-element_type=\"mega-menu.default\">\n\t\t\t\t<div class=\"elementor-widget-container\">\n\t\t\t\t\t\n\t\t<nav itemtype=\"http:\/\/schema.org\/SiteNavigationElement\" itemscope=\"itemscope\" class=\"cbp-hsmenu-wrapper\" id=\"cbp-hsmenu-wrapper\">\n\t\t\t<div class=\"cbp-hsinner\">\n\t\t\t\t<ul id=\"mega-menu\" class=\"cbp-hsmenu\"><li id=\"menu-item-218\" class=\"menu-item menu-item-type-post_type menu-item-object-page menu-item-home menu-item-218\"><a href=\"https:\/\/annemasson.be\/\">Accueil<\/a><\/li>\n<li id=\"menu-item-866\" class=\"menu-item menu-item-type-post_type menu-item-object-page menu-item-866\"><a href=\"https:\/\/annemasson.be\/index.php\/wavre-capitale-du-bw\/\">Mes priorit\u00e9s et nos r\u00e9alisations<\/a><\/li>\n<li id=\"menu-item-900\" class=\"menu-item menu-item-type-post_type menu-item-object-page menu-item-900\"><a href=\"https:\/\/annemasson.be\/index.php\/ma-ville-finances\/\">15 bonnes raisons de voter LB<\/a><\/li>\n<li id=\"menu-item-938\" class=\"menu-item menu-item-type-post_type menu-item-object-page menu-item-938\"><a href=\"https:\/\/annemasson.be\/index.php\/le-brabant-wallon-que-jaime\/\">Une \u00e9quipe formidable !<\/a><\/li>\n<li id=\"menu-item-924\" class=\"menu-item menu-item-type-post_type menu-item-object-page menu-item-924\"><a href=\"https:\/\/annemasson.be\/index.php\/ma-province\/\">Le BW, notre province<\/a><\/li>\n<li id=\"menu-item-215\" class=\"menu-item menu-item-type-post_type menu-item-object-page menu-item-215\"><a href=\"https:\/\/annemasson.be\/index.php\/mon-parcours\/\">Mon parcours<\/a><\/li>\n<li id=\"menu-item-216\" class=\"menu-item menu-item-type-post_type menu-item-object-page menu-item-216\"><a href=\"https:\/\/annemasson.be\/index.php\/mon-jardin-secret\/\">Mon jardin secret<\/a><\/li>\n<li id=\"menu-item-274\" class=\"menu-item menu-item-type-post_type menu-item-object-page menu-item-274\"><a href=\"https:\/\/annemasson.be\/index.php\/contact\/\">Contact<\/a><\/li>\n<\/ul>\t\t\t<\/div>\n\t\t<\/nav>\n\t\t\t<\/div>\n\t\t\t\t<\/div>\n\t\t\t\t\t\t<\/div>\n\t\t\t<\/div>\n\t\t<\/div>\n\t\t\t\t\t\t<\/div>\n\t\t\t<\/div>\n\t\t<\/section>\n\t\t\t\t<section data-id=\"202c864\" class=\"elementor-element elementor-element-202c864 elementor-section-stretched elementor-section-full_width elementor-section-height-min-height elementor-section-height-default elementor-section-items-middle elementor-section elementor-top-section\" data-settings=\"{&quot;stretch_section&quot;:&quot;section-stretched&quot;,&quot;background_background&quot;:&quot;classic&quot;}\" data-element_type=\"section\">\n\t\t\t\t\t\t\t<div class=\"elementor-background-overlay\"><\/div>\n\t\t\t\t\t\t\t<div class=\"elementor-container elementor-column-gap-default\">\n\t\t\t\t<div class=\"elementor-row\">\n\t\t\t\t<div data-id=\"7fd80f4\" class=\"elementor-element elementor-element-7fd80f4 elementor-column elementor-col-100 elementor-top-column\" data-element_type=\"column\">\n\t\t\t<div class=\"elementor-column-wrap elementor-element-populated\">\n\t\t\t\t\t<div class=\"elementor-widget-wrap\">\n\t\t\t\t<div data-id=\"39d0609\" class=\"elementor-element elementor-element-39d0609 elementor-widget elementor-widget-heading\" data-element_type=\"heading.default\">\n\t\t\t\t<div class=\"elementor-widget-container\">\n\t\t\t<h2 class=\"elementor-heading-title elementor-size-default\">BIENVENUE<\/h2>\t\t<\/div>\n\t\t\t\t<\/div>\n\t\t\t\t\t\t<\/div>\n\t\t\t<\/div>\n\t\t<\/div>\n\t\t\t\t\t\t<\/div>\n\t\t\t<\/div>\n\t\t<\/section>\n\t\t\t\t<section data-id=\"54d35ea\" class=\"elementor-element elementor-element-54d35ea elementor-section-content-middle elementor-section-boxed elementor-section-height-default elementor-section-height-default elementor-section elementor-top-section\" data-element_type=\"section\">\n\t\t\t\t\t\t<div class=\"elementor-container elementor-column-gap-narrow\">\n\t\t\t\t<div class=\"elementor-row\">\n\t\t\t\t<div data-id=\"33b417f\" class=\"elementor-element elementor-element-33b417f elementor-column elementor-col-100 elementor-top-column\" data-element_type=\"column\">\n\t\t\t<div class=\"elementor-column-wrap elementor-element-populated\">\n\t\t\t\t\t<div class=\"elementor-widget-wrap\">\n\t\t\t\t<div data-id=\"80b2753\" class=\"elementor-element elementor-element-80b2753 elementor-widget elementor-widget-heading\" data-element_type=\"heading.default\">\n\t\t\t\t<div class=\"elementor-widget-container\">\n\t\t\t<h2 class=\"elementor-heading-title elementor-size-default\"><h1><strong>WAVRE, ma ville, la v\u00f4tre pour laquelle nous avons rendez-vous ce 13 octobre&nbsp;! <\/strong><\/h1><\/h2>\t\t<\/div>\n\t\t\t\t<\/div>\n\t\t\t\t\t\t<\/div>\n\t\t\t<\/div>\n\t\t<\/div>\n\t\t\t\t\t\t<\/div>\n\t\t\t<\/div>\n\t\t<\/section>\n\t\t\t\t<section data-id=\"3c0b14c\" class=\"elementor-element elementor-element-3c0b14c elementor-section-boxed elementor-section-height-default elementor-section-height-default elementor-section elementor-top-section\" data-element_type=\"section\">\n\t\t\t\t\t\t<div class=\"elementor-container elementor-column-gap-default\">\n\t\t\t\t<div class=\"elementor-row\">\n\t\t\t\t<div data-id=\"f97c2db\" class=\"elementor-element elementor-element-f97c2db elementor-column elementor-col-33 elementor-top-column\" data-element_type=\"column\">\n\t\t\t<div class=\"elementor-column-wrap elementor-element-populated\">\n\t\t\t\t\t<div class=\"elementor-widget-wrap\">\n\t\t\t\t<div data-id=\"ef8037e\" class=\"elementor-element elementor-element-ef8037e elementor-widget elementor-widget-image\" data-element_type=\"image.default\">\n\t\t\t\t<div class=\"elementor-widget-container\">\n\t\t\t\t\t<div class=\"elementor-image\">\n\t\t\t\t\t\t\t\t\t\t<img loading=\"lazy\" decoding=\"async\" width=\"1440\" height=\"2048\" src=\"https:\/\/annemasson.be\/wp-content\/uploads\/2024\/10\/AM-1440x2048.png\" class=\"attachment-2048x2048 size-2048x2048\" alt=\"\" srcset=\"https:\/\/annemasson.be\/wp-content\/uploads\/2024\/10\/AM-1440x2048.png 1440w, https:\/\/annemasson.be\/wp-content\/uploads\/2024\/10\/AM-211x300.png 211w, https:\/\/annemasson.be\/wp-content\/uploads\/2024\/10\/AM-720x1024.png 720w, https:\/\/annemasson.be\/wp-content\/uploads\/2024\/10\/AM-768x1092.png 768w, https:\/\/annemasson.be\/wp-content\/uploads\/2024\/10\/AM-1080x1536.png 1080w, https:\/\/annemasson.be\/wp-content\/uploads\/2024\/10\/AM.png 1776w\" sizes=\"100vw\" \/>\t\t\t\t\t\t\t\t\t\t\t<\/div>\n\t\t\t\t<\/div>\n\t\t\t\t<\/div>\n\t\t\t\t\t\t<\/div>\n\t\t\t<\/div>\n\t\t<\/div>\n\t\t\t\t<div data-id=\"0ba46e1\" class=\"elementor-element elementor-element-0ba46e1 elementor-column elementor-col-66 elementor-top-column\" data-element_type=\"column\">\n\t\t\t<div class=\"elementor-column-wrap elementor-element-populated\">\n\t\t\t\t\t<div class=\"elementor-widget-wrap\">\n\t\t\t\t<div data-id=\"ffd34f1\" class=\"elementor-element elementor-element-ffd34f1 elementor-widget elementor-widget-text-editor\" data-element_type=\"text-editor.default\">\n\t\t\t\t<div class=\"elementor-widget-container\">\n\t\t\t\t\t<div class=\"elementor-text-editor elementor-clearfix\"><h1><strong>\u00a0<\/strong><\/h1><p>Il y a 24 ans, je suis entr\u00e9e en politique, avec une seule envie, une seule motivation, un seul d\u00e9sir\u00a0: \u00eatre utile \u00e0 Wavre et \u00e0 ses habitants.<\/p><p>Depuis, j\u2019ai toujours cette m\u00eame envie de faire encore mieux, pour Wavre, pour vous.<\/p><p>Le monde et notre soci\u00e9t\u00e9 ont beaucoup chang\u00e9 en un quart de si\u00e8cle.<\/p><p>Les enjeux de la gestion communale ont aussi beaucoup \u00e9volu\u00e9 et sont de plus en plus importants pour le bien-vivre ensemble.<\/p><p>J\u2019ai chang\u00e9 aussi\u2026 L\u2019exp\u00e9rience, les comp\u00e9tences acquises, une bonne dose de lucidit\u00e9 et beaucoup d\u2019humilit\u00e9 se sont ajout\u00e9s \u00e0 mon \u00e9nergie, ma d\u00e9termination, mon enthousiasme qui restent intacts.<\/p><p>Rigueur, int\u00e9grit\u00e9 et bon sens ont toujours accompagn\u00e9 les actions que j\u2019ai men\u00e9es.<\/p><p>Mon \u00e9quipe compos\u00e9e de 17 hommes et 16 femmes dont 18 nouveaux candidats est aussi une force de changement et une source de renouveau.<\/p><p>Nous vous proposons un programme concret, d\u00e9clin\u00e9 en 180 propositions r\u00e9alistes et r\u00e9alisables.<\/p><p>Notre volont\u00e9 commune est d\u2019\u00eatre vraiment \u00e0 votre \u00e9coute et d\u2019\u00eatre encore plus proche de vous.<\/p><p>Parce que Wavre, c\u2019est ma vie\u2026<\/p><p>Parce que Wavre, c\u2019est ma ville, la v\u00f4tre, la n\u00f4tre, je souhaite poursuivre cette authentique histoire avec votre soutien.<\/p><p>Merci d\u00e9j\u00e0 pour votre confiance renouvel\u00e9e.<\/p><p>Anne Masson,<\/p><p>Votre Bourgmestre<\/p><\/div>\n\t\t\t\t<\/div>\n\t\t\t\t<\/div>\n\t\t\t\t\t\t<\/div>\n\t\t\t<\/div>\n\t\t<\/div>\n\t\t\t\t\t\t<\/div>\n\t\t\t<\/div>\n\t\t<\/section>\n\t\t\t\t<section data-id=\"a5e0c8f\" class=\"elementor-element elementor-element-a5e0c8f elementor-section-stretched elementor-section-height-min-height elementor-section-content-middle elementor-section-boxed elementor-section-height-default elementor-section-items-middle elementor-section elementor-top-section\" data-settings=\"{&quot;stretch_section&quot;:&quot;section-stretched&quot;}\" data-element_type=\"section\">\n\t\t\t\t\t\t<div class=\"elementor-container elementor-column-gap-default\">\n\t\t\t\t<div class=\"elementor-row\">\n\t\t\t\t<div data-id=\"85179b3\" class=\"elementor-element elementor-element-85179b3 elementor-column elementor-col-100 elementor-top-column\" data-element_type=\"column\">\n\t\t\t<div class=\"elementor-column-wrap elementor-element-populated\">\n\t\t\t\t\t<div class=\"elementor-widget-wrap\">\n\t\t\t\t<div data-id=\"a503cb0\" class=\"elementor-element elementor-element-a503cb0 elementor-widget elementor-widget-text-editor\" data-element_type=\"text-editor.default\">\n\t\t\t\t<div class=\"elementor-widget-container\">\n\t\t\t\t\t<div class=\"elementor-text-editor elementor-clearfix\"><p>\u00a0 \u00a0 \u00a0 \u00ab\u00a0R\u00eave de grandes choses : cela te permettra d&#8217;en faire au moins de toutes petites.\u00a0\u00bb\u00a0 Jules Renard<\/p><\/div>\n\t\t\t\t<\/div>\n\t\t\t\t<\/div>\n\t\t\t\t\t\t<\/div>\n\t\t\t<\/div>\n\t\t<\/div>\n\t\t\t\t\t\t<\/div>\n\t\t\t<\/div>\n\t\t<\/section>\n\t\t\t\t<section data-id=\"a58d1f8\" class=\"elementor-element elementor-element-a58d1f8 elementor-section-boxed elementor-section-height-default elementor-section-height-default elementor-section elementor-top-section\" data-element_type=\"section\">\n\t\t\t\t\t\t<div class=\"elementor-container elementor-column-gap-default\">\n\t\t\t\t<div class=\"elementor-row\">\n\t\t\t\t<div data-id=\"db61ec3\" class=\"elementor-element elementor-element-db61ec3 elementor-column elementor-col-100 elementor-top-column\" data-element_type=\"column\">\n\t\t\t<div class=\"elementor-column-wrap elementor-element-populated\">\n\t\t\t\t\t<div class=\"elementor-widget-wrap\">\n\t\t\t\t<div data-id=\"9e6aa4\" class=\"elementor-element elementor-element-9e6aa4 elementor-widget elementor-widget-heading\" data-element_type=\"heading.default\">\n\t\t\t\t<div class=\"elementor-widget-container\">\n\t\t\t<h4 class=\"elementor-heading-title elementor-size-default\">Rejoignez-moi sur les r\u00e9seaux sociaux<\/h4>\t\t<\/div>\n\t\t\t\t<\/div>\n\t\t\t\t<div data-id=\"a5ad70f\" class=\"elementor-element elementor-element-a5ad70f elementor-shape-circle elementor-widget elementor-widget-social-icons\" data-element_type=\"social-icons.default\">\n\t\t\t\t<div class=\"elementor-widget-container\">\n\t\t\t\t\t<div class=\"elementor-social-icons-wrapper\">\n\t\t\t\t\t\t\t<a class=\"elementor-icon elementor-social-icon elementor-social-icon-facebook\" href=\"https:\/\/www.facebook.com\/anne.masson.338\" target=\"_blank\">\n\t\t\t\t\t<span class=\"elementor-screen-only\">Facebook<\/span>\n\t\t\t\t\t<i class=\"fa fa-facebook\"><\/i>\n\t\t\t\t<\/a>\n\t\t\t\t\t\t\t<a class=\"elementor-icon elementor-social-icon elementor-social-icon-instagram\" href=\"https:\/\/www.instagram.com\/annemasson63\/\" target=\"_blank\">\n\t\t\t\t\t<span class=\"elementor-screen-only\">Instagram<\/span>\n\t\t\t\t\t<i class=\"fa fa-instagram\"><\/i>\n\t\t\t\t<\/a>\n\t\t\t\t\t\t\t<a class=\"elementor-icon elementor-social-icon elementor-social-icon-linkedin\" href=\"https:\/\/twitter.com\/AnneMASSON63\" target=\"_blank\">\n\t\t\t\t\t<span class=\"elementor-screen-only\">Linkedin<\/span>\n\t\t\t\t\t<i class=\"fa fa-linkedin\"><\/i>\n\t\t\t\t<\/a>\n\t\t\t\t\t<\/div>\n\t\t\t\t<\/div>\n\t\t\t\t<\/div>\n\t\t\t\t\t\t<\/div>\n\t\t\t<\/div>\n\t\t<\/div>\n\t\t\t\t\t\t<\/div>\n\t\t\t<\/div>\n\t\t<\/section>\n\t\t\t\t\t\t<\/div>\n\t\t\t<\/div>\n\t\t<\/div>\n\t\t","protected":false},"excerpt":{"rendered":"<p>Accueil Mes priorit\u00e9s et nos r\u00e9alisations 15 bonnes raisons de voter LB Mon parcours Mon jardin secret Contact BIENVENUE WAVRE, ma ville, la v\u00f4tre pour laquelle nous avons rendez-vous ce 13 octobre&nbsp;! \u00a0 Il y a 24 ans, je suis entr\u00e9e en politique, avec une seule envie, une seule motivation, un seul d\u00e9sir\u00a0: \u00eatre utile &hellip; <\/p>\n<p class=\"link-more\"><a href=\"https:\/\/annemasson.be\/\" class=\"more-link\">Continue reading<span class=\"screen-reader-text\"> &#8220;Accueil&#8221;<\/span><\/a><\/p>\n","protected":false},"author":1,"featured_media":0,"parent":0,"menu_order":0,"comment_status":"closed","ping_status":"open","template":"elementor_canvas","meta":{"footnotes":""},"_links":{"self":[{"href":"https:\/\/annemasson.be\/index.php\/wp-json\/wp\/v2\/pages\/2"}],"collection":[{"href":"https:\/\/annemasson.be\/index.php\/wp-json\/wp\/v2\/pages"}],"about":[{"href":"https:\/\/annemasson.be\/index.php\/wp-json\/wp\/v2\/types\/page"}],"author":[{"embeddable":true,"href":"https:\/\/annemasson.be\/index.php\/wp-json\/wp\/v2\/users\/1"}],"replies":[{"embeddable":true,"href":"https:\/\/annemasson.be\/index.php\/wp-json\/wp\/v2\/comments?post=2"}],"version-history":[{"count":91,"href":"https:\/\/annemasson.be\/index.php\/wp-json\/wp\/v2\/pages\/2\/revisions"}],"predecessor-version":[{"id":922,"href":"https:\/\/annemasson.be\/index.php\/wp-json\/wp\/v2\/pages\/2\/revisions\/922"}],"wp:attachment":[{"href":"https:\/\/annemasson.be\/index.php\/wp-json\/wp\/v2\/media?parent=2"}],"curies":[{"name":"wp","href":"https:\/\/api.w.org\/{rel}","templated":true}]}}